{"id":2188,"date":"2025-12-25T09:51:34","date_gmt":"2025-12-25T08:51:34","guid":{"rendered":"https:\/\/demo.ml-luxury.com\/index.php\/product\/chaine-torsadee\/"},"modified":"2025-12-25T09:51:34","modified_gmt":"2025-12-25T08:51:34","slug":"chaine-torsadee","status":"publish","type":"product","link":"https:\/\/ml-luxury.com\/index.php\/product\/chaine-torsadee\/","title":{"rendered":"Cha\u00een\u00e9 torsad\u00e9e"},"content":{"rendered":"","protected":false},"excerpt":{"rendered":"","protected":false},"featured_media":2187,"template":"","meta":{"_bst_post_transparent":"","_bst_post_title":"","_bst_post_layout":"","_bst_post_sidebar_id":"","_bst_post_content_style":"","_bst_post_vertical_padding":"","_bst_post_feature":"","_bst_post_feature_position":"","_bst_post_header":false,"_bst_post_footer":false},"product_brand":[],"product_cat":[98],"product_tag":[],"product_brands":[],"class_list":{"0":"post-2188","1":"product","2":"type-product","3":"status-publish","4":"has-post-thumbnail","6":"product_cat-chaines","8":"first","9":"outofstock","10":"shipping-taxable","11":"purchasable","12":"product-type-simple","13":"entry","14":"content-bg","15":"loop-entry"},"_links":{"self":[{"href":"https:\/\/ml-luxury.com\/index.php\/wp-json\/wp\/v2\/product\/2188","targetHints":{"allow":["GET"]}}],"collection":[{"href":"https:\/\/ml-luxury.com\/index.php\/wp-json\/wp\/v2\/product"}],"about":[{"href":"https:\/\/ml-luxury.com\/index.php\/wp-json\/wp\/v2\/types\/product"}],"wp:featuredmedia":[{"embeddable":true,"href":"https:\/\/ml-luxury.com\/index.php\/wp-json\/wp\/v2\/media\/2187"}],"wp:attachment":[{"href":"https:\/\/ml-luxury.com\/index.php\/wp-json\/wp\/v2\/media?parent=2188"}],"wp:term":[{"taxonomy":"product_brand","embeddable":true,"href":"https:\/\/ml-luxury.com\/index.php\/wp-json\/wp\/v2\/product_brand?post=2188"},{"taxonomy":"product_cat","embeddable":true,"href":"https:\/\/ml-luxury.com\/index.php\/wp-json\/wp\/v2\/product_cat?post=2188"},{"taxonomy":"product_tag","embeddable":true,"href":"https:\/\/ml-luxury.com\/index.php\/wp-json\/wp\/v2\/product_tag?post=2188"},{"taxonomy":"product_brands","embeddable":true,"href":"https:\/\/ml-luxury.com\/index.php\/wp-json\/wp\/v2\/product_brands?post=2188"}],"curies":[{"name":"wp","href":"https:\/\/api.w.org\/{rel}","templated":true}]}}