{"id":11,"date":"2025-12-09T18:43:13","date_gmt":"2025-12-09T17:43:13","guid":{"rendered":"https:\/\/demo.logiprodz.com\/index.php\/wishlist\/"},"modified":"2026-03-08T22:53:23","modified_gmt":"2026-03-08T21:53:23","slug":"wishlist","status":"publish","type":"page","link":"https:\/\/ml-luxury.com\/index.php\/wishlist\/","title":{"rendered":"Wishlist"},"content":{"rendered":"<div class=\"woosw-list\"><table class=\"woosw-items\" data-key=\"WOOSW\"><tr class=\"woosw-item woosw-item-2881\" data-id=\"2881\"><td class=\"woosw-item--image\"><a  href=\"https:\/\/ml-luxury.com\/index.php\/product\/coffret-5-rouges-a-levres-christian-dior-boite-rouge\/\" ><img fetchpriority=\"high\" decoding=\"async\" width=\"194\" height=\"259\" src=\"https:\/\/ml-luxury.com\/wp-content\/uploads\/2025\/12\/1764580211_images2028429.jpg\" class=\"attachment-woocommerce_thumbnail size-woocommerce_thumbnail\" alt=\"COFFRET 5 ROUGES A LEVRES CHRISTIAN DIOR BOITE ROUGE\" \/><\/a><\/td><td class=\"woosw-item--info\"><div class=\"woosw-item--name\"><a  href=\"https:\/\/ml-luxury.com\/index.php\/product\/coffret-5-rouges-a-levres-christian-dior-boite-rouge\/\" >COFFRET 5 ROUGES A LEVRES CHRISTIAN DIOR BOITE ROUGE<\/a><\/div><div class=\"woosw-item--price\"><span class=\"price\"><span class=\"woocommerce-Price-amount amount\"><span class=\"woocommerce-Price-currencySymbol\">&#x62f;.&#x62c;<\/span>&nbsp;6.500<\/span><\/span><\/div><div class=\"woosw-item--time\">11.03.2026<\/div><\/td><td class=\"woosw-item--actions\"><div class=\"woosw-item--stock\">\n<div class=\"stock in-stock entry-product-stock\">\n\t14 en stock\n\t<\/div>\n<\/div><div class=\"woosw-item--atc\"><p class=\"product woocommerce add_to_cart_inline \" style=\"\"><a href=\"\/index.php\/wp-json\/wp\/v2\/pages\/11?add-to-cart=2881\" data-quantity=\"1\" class=\"button product_type_simple add_to_cart_button ajax_add_to_cart default\" data-product_id=\"2881\" data-product_sku=\"3348901754668\" aria-label=\"Ajouter au panier\u00a0: &ldquo;COFFRET 5 ROUGES A LEVRES CHRISTIAN DIOR BOITE ROUGE&rdquo;\" rel=\"nofollow\" data-success_message=\"\u00ab\u00a0COFFRET 5 ROUGES A LEVRES CHRISTIAN DIOR BOITE ROUGE\u00a0\u00bb a \u00e9t\u00e9 ajout\u00e9 \u00e0 votre panier\" role=\"button\"><span class=\"add-to-cart-icon\"><svg xmlns=\"http:\/\/www.w3.org\/2000\/svg\" xmlns:xlink=\"http:\/\/www.w3.org\/1999\/xlink\" width=\"22px\" height=\"22px\" viewBox=\"0 0 22 22\" fill=\"currentColor\" version=\"1.1\"><path d=\"M19.45 15.24a.86.86 0 00.848-.719l1.69-10.14a.86.86 0 00-.848-1H4.91L4.229.65A.86.86 0 003.395 0H.858a.86.86 0 100 1.719h1.865l.673 2.696L5.07 14.45v2.6a2.553 2.553 0 00-1.69 2.4A2.552 2.552 0 005.93 22c1.744 0 2.981-1.726 2.41-3.38h7.01c-.572 1.655.667 3.38 2.41 3.38a2.552 2.552 0 002.55-2.55 2.552 2.552 0 00-2.55-2.55H6.79v-1.66zm.676-10.141l-1.404 8.422H6.658L5.254 5.099zM6.76 19.45a.832.832 0 01-1.661 0 .832.832 0 011.661 0m11 .831a.832.832 0 010-1.661.832.832 0 010 1.661\"><\/path><\/svg><\/span><span class=\"cart-text\">Ajouter au panier<\/span><span class=\"base-svg-iconset svg-baseline\"><svg aria-hidden=\"true\" class=\"base-svg-icon base-arrow-right-alt-svg\" fill=\"currentColor\" version=\"1.1\" xmlns=\"http:\/\/www.w3.org\/2000\/svg\" width=\"27\" height=\"28\" viewBox=\"0 0 27 28\"><title>r<\/title><path d=\"M27 13.953c0 0.141-0.063 0.281-0.156 0.375l-6 5.531c-0.156 0.141-0.359 0.172-0.547 0.094-0.172-0.078-0.297-0.25-0.297-0.453v-3.5h-19.5c-0.281 0-0.5-0.219-0.5-0.5v-3c0-0.281 0.219-0.5 0.5-0.5h19.5v-3.5c0-0.203 0.109-0.375 0.297-0.453s0.391-0.047 0.547 0.078l6 5.469c0.094 0.094 0.156 0.219 0.156 0.359v0z\"><\/path>\n\t\t\t\t<\/svg><\/span><span class=\"base-svg-iconset svg-baseline\"><svg class=\"base-svg-icon base-spinner-svg\" fill=\"currentColor\" version=\"1.1\" xmlns=\"http:\/\/www.w3.org\/2000\/svg\" width=\"16\" height=\"16\" viewBox=\"0 0 16 16\"><title>Loading<\/title><path d=\"M16 6h-6l2.243-2.243c-1.133-1.133-2.64-1.757-4.243-1.757s-3.109 0.624-4.243 1.757c-1.133 1.133-1.757 2.64-1.757 4.243s0.624 3.109 1.757 4.243c1.133 1.133 2.64 1.757 4.243 1.757s3.109-0.624 4.243-1.757c0.095-0.095 0.185-0.192 0.273-0.292l1.505 1.317c-1.466 1.674-3.62 2.732-6.020 2.732-4.418 0-8-3.582-8-8s3.582-8 8-8c2.209 0 4.209 0.896 5.656 2.344l2.343-2.344v6z\"><\/path>\n\t\t\t\t<\/svg><\/span><span class=\"base-svg-iconset svg-baseline\"><svg class=\"base-svg-icon base-check-svg\" fill=\"currentColor\" version=\"1.1\" xmlns=\"http:\/\/www.w3.org\/2000\/svg\" width=\"16\" height=\"16\" viewBox=\"0 0 16 16\"><title>Done<\/title><path d=\"M14 2.5l-8.5 8.5-3.5-3.5-1.5 1.5 5 5 10-10z\"><\/path>\n\t\t\t\t<\/svg><\/span><\/a>\t<span id=\"woocommerce_loop_add_to_cart_link_describedby_2881\" class=\"screen-reader-text\">\n\t\t\t<\/span>\n<\/p><\/div><\/td><\/tr><tr class=\"woosw-item woosw-item-2884\" data-id=\"2884\"><td class=\"woosw-item--image\"><a  href=\"https:\/\/ml-luxury.com\/index.php\/product\/coffret-5-rouges-a-levres-dior-boite-papillon\/\" ><img decoding=\"async\" width=\"281\" height=\"375\" src=\"https:\/\/ml-luxury.com\/wp-content\/uploads\/2025\/12\/1766176452_1000286775-281x375.jpg\" class=\"attachment-woocommerce_thumbnail size-woocommerce_thumbnail\" alt=\"COFFRET 5 ROUGES A LEVRES DIOR BOITE PAPILLON\" \/><\/a><\/td><td class=\"woosw-item--info\"><div class=\"woosw-item--name\"><a  href=\"https:\/\/ml-luxury.com\/index.php\/product\/coffret-5-rouges-a-levres-dior-boite-papillon\/\" >COFFRET 5 ROUGES A LEVRES DIOR BOITE PAPILLON<\/a><\/div><div class=\"woosw-item--price\"><span class=\"price\"><span class=\"woocommerce-Price-amount amount\"><span class=\"woocommerce-Price-currencySymbol\">&#x62f;.&#x62c;<\/span>&nbsp;5.900<\/span><\/span><\/div><div class=\"woosw-item--time\">04.03.2026<\/div><\/td><td class=\"woosw-item--actions\"><div class=\"woosw-item--stock\">\n<div class=\"stock in-stock entry-product-stock\">\n\t19 en stock\n\t<\/div>\n<\/div><div class=\"woosw-item--atc\"><p class=\"product woocommerce add_to_cart_inline \" style=\"\"><a href=\"\/index.php\/wp-json\/wp\/v2\/pages\/11?add-to-cart=2884\" data-quantity=\"1\" class=\"button product_type_simple add_to_cart_button ajax_add_to_cart default\" data-product_id=\"2884\" data-product_sku=\"47705\" aria-label=\"Ajouter au panier\u00a0: &ldquo;COFFRET 5 ROUGES A LEVRES DIOR BOITE PAPILLON&rdquo;\" rel=\"nofollow\" data-success_message=\"\u00ab\u00a0COFFRET 5 ROUGES A LEVRES DIOR BOITE PAPILLON\u00a0\u00bb a \u00e9t\u00e9 ajout\u00e9 \u00e0 votre panier\" role=\"button\"><span class=\"add-to-cart-icon\"><svg xmlns=\"http:\/\/www.w3.org\/2000\/svg\" xmlns:xlink=\"http:\/\/www.w3.org\/1999\/xlink\" width=\"22px\" height=\"22px\" viewBox=\"0 0 22 22\" fill=\"currentColor\" version=\"1.1\"><path d=\"M19.45 15.24a.86.86 0 00.848-.719l1.69-10.14a.86.86 0 00-.848-1H4.91L4.229.65A.86.86 0 003.395 0H.858a.86.86 0 100 1.719h1.865l.673 2.696L5.07 14.45v2.6a2.553 2.553 0 00-1.69 2.4A2.552 2.552 0 005.93 22c1.744 0 2.981-1.726 2.41-3.38h7.01c-.572 1.655.667 3.38 2.41 3.38a2.552 2.552 0 002.55-2.55 2.552 2.552 0 00-2.55-2.55H6.79v-1.66zm.676-10.141l-1.404 8.422H6.658L5.254 5.099zM6.76 19.45a.832.832 0 01-1.661 0 .832.832 0 011.661 0m11 .831a.832.832 0 010-1.661.832.832 0 010 1.661\"><\/path><\/svg><\/span><span class=\"cart-text\">Ajouter au panier<\/span><span class=\"base-svg-iconset svg-baseline\"><svg aria-hidden=\"true\" class=\"base-svg-icon base-arrow-right-alt-svg\" fill=\"currentColor\" version=\"1.1\" xmlns=\"http:\/\/www.w3.org\/2000\/svg\" width=\"27\" height=\"28\" viewBox=\"0 0 27 28\"><title>r<\/title><path d=\"M27 13.953c0 0.141-0.063 0.281-0.156 0.375l-6 5.531c-0.156 0.141-0.359 0.172-0.547 0.094-0.172-0.078-0.297-0.25-0.297-0.453v-3.5h-19.5c-0.281 0-0.5-0.219-0.5-0.5v-3c0-0.281 0.219-0.5 0.5-0.5h19.5v-3.5c0-0.203 0.109-0.375 0.297-0.453s0.391-0.047 0.547 0.078l6 5.469c0.094 0.094 0.156 0.219 0.156 0.359v0z\"><\/path>\n\t\t\t\t<\/svg><\/span><span class=\"base-svg-iconset svg-baseline\"><svg class=\"base-svg-icon base-spinner-svg\" fill=\"currentColor\" version=\"1.1\" xmlns=\"http:\/\/www.w3.org\/2000\/svg\" width=\"16\" height=\"16\" viewBox=\"0 0 16 16\"><title>Loading<\/title><path d=\"M16 6h-6l2.243-2.243c-1.133-1.133-2.64-1.757-4.243-1.757s-3.109 0.624-4.243 1.757c-1.133 1.133-1.757 2.64-1.757 4.243s0.624 3.109 1.757 4.243c1.133 1.133 2.64 1.757 4.243 1.757s3.109-0.624 4.243-1.757c0.095-0.095 0.185-0.192 0.273-0.292l1.505 1.317c-1.466 1.674-3.62 2.732-6.020 2.732-4.418 0-8-3.582-8-8s3.582-8 8-8c2.209 0 4.209 0.896 5.656 2.344l2.343-2.344v6z\"><\/path>\n\t\t\t\t<\/svg><\/span><span class=\"base-svg-iconset svg-baseline\"><svg class=\"base-svg-icon base-check-svg\" fill=\"currentColor\" version=\"1.1\" xmlns=\"http:\/\/www.w3.org\/2000\/svg\" width=\"16\" height=\"16\" viewBox=\"0 0 16 16\"><title>Done<\/title><path d=\"M14 2.5l-8.5 8.5-3.5-3.5-1.5 1.5 5 5 10-10z\"><\/path>\n\t\t\t\t<\/svg><\/span><\/a>\t<span id=\"woocommerce_loop_add_to_cart_link_describedby_2884\" class=\"screen-reader-text\">\n\t\t\t<\/span>\n<\/p><\/div><\/td><\/tr><tr class=\"woosw-item woosw-item-2574\" data-id=\"2574\"><td class=\"woosw-item--image\"><a  href=\"https:\/\/ml-luxury.com\/index.php\/product\/coffret-3-brumes-victoria-secret\/\" ><img decoding=\"async\" width=\"281\" height=\"375\" src=\"https:\/\/ml-luxury.com\/wp-content\/uploads\/2025\/12\/1752405368_IMG_8567-281x375.jpeg\" class=\"attachment-woocommerce_thumbnail size-woocommerce_thumbnail\" alt=\"COFFRET 3 BRUMES VICTORIA SECRET\" \/><\/a><\/td><td class=\"woosw-item--info\"><div class=\"woosw-item--name\"><a  href=\"https:\/\/ml-luxury.com\/index.php\/product\/coffret-3-brumes-victoria-secret\/\" >COFFRET 3 BRUMES VICTORIA SECRET<\/a><\/div><div class=\"woosw-item--price\"><span class=\"price\"><span class=\"woocommerce-Price-amount amount\"><span class=\"woocommerce-Price-currencySymbol\">&#x62f;.&#x62c;<\/span>&nbsp;6.500<\/span><\/span><\/div><div class=\"woosw-item--time\">03.02.2026<\/div><\/td><td class=\"woosw-item--actions\"><div class=\"woosw-item--stock\">\n<div class=\"stock out-of-stock entry-product-stock\">\n\tRupture de stock\n\t<\/div>\n<\/div><div class=\"woosw-item--atc\"><p class=\"product woocommerce add_to_cart_inline \" style=\"\"><a href=\"https:\/\/ml-luxury.com\/index.php\/product\/coffret-3-brumes-victoria-secret\/\" data-quantity=\"1\" class=\"button product_type_simple default\" data-product_id=\"2574\" data-product_sku=\"7678889999999\" aria-label=\"En savoir plus sur &ldquo;COFFRET 3 BRUMES VICTORIA SECRET&rdquo;\" rel=\"nofollow\" data-success_message=\"\"><span class=\"add-to-cart-icon\"><svg xmlns=\"http:\/\/www.w3.org\/2000\/svg\" xmlns:xlink=\"http:\/\/www.w3.org\/1999\/xlink\" width=\"22px\" height=\"22px\" viewBox=\"0 0 22 22\" fill=\"currentColor\" version=\"1.1\"><path d=\"M19.45 15.24a.86.86 0 00.848-.719l1.69-10.14a.86.86 0 00-.848-1H4.91L4.229.65A.86.86 0 003.395 0H.858a.86.86 0 100 1.719h1.865l.673 2.696L5.07 14.45v2.6a2.553 2.553 0 00-1.69 2.4A2.552 2.552 0 005.93 22c1.744 0 2.981-1.726 2.41-3.38h7.01c-.572 1.655.667 3.38 2.41 3.38a2.552 2.552 0 002.55-2.55 2.552 2.552 0 00-2.55-2.55H6.79v-1.66zm.676-10.141l-1.404 8.422H6.658L5.254 5.099zM6.76 19.45a.832.832 0 01-1.661 0 .832.832 0 011.661 0m11 .831a.832.832 0 010-1.661.832.832 0 010 1.661\"><\/path><\/svg><\/span><span class=\"cart-text\">Lire la suite<\/span><span class=\"base-svg-iconset svg-baseline\"><svg aria-hidden=\"true\" class=\"base-svg-icon base-arrow-right-alt-svg\" fill=\"currentColor\" version=\"1.1\" xmlns=\"http:\/\/www.w3.org\/2000\/svg\" width=\"27\" height=\"28\" viewBox=\"0 0 27 28\"><title>r<\/title><path d=\"M27 13.953c0 0.141-0.063 0.281-0.156 0.375l-6 5.531c-0.156 0.141-0.359 0.172-0.547 0.094-0.172-0.078-0.297-0.25-0.297-0.453v-3.5h-19.5c-0.281 0-0.5-0.219-0.5-0.5v-3c0-0.281 0.219-0.5 0.5-0.5h19.5v-3.5c0-0.203 0.109-0.375 0.297-0.453s0.391-0.047 0.547 0.078l6 5.469c0.094 0.094 0.156 0.219 0.156 0.359v0z\"><\/path>\n\t\t\t\t<\/svg><\/span><span class=\"base-svg-iconset svg-baseline\"><svg class=\"base-svg-icon base-spinner-svg\" fill=\"currentColor\" version=\"1.1\" xmlns=\"http:\/\/www.w3.org\/2000\/svg\" width=\"16\" height=\"16\" viewBox=\"0 0 16 16\"><title>Loading<\/title><path d=\"M16 6h-6l2.243-2.243c-1.133-1.133-2.64-1.757-4.243-1.757s-3.109 0.624-4.243 1.757c-1.133 1.133-1.757 2.64-1.757 4.243s0.624 3.109 1.757 4.243c1.133 1.133 2.64 1.757 4.243 1.757s3.109-0.624 4.243-1.757c0.095-0.095 0.185-0.192 0.273-0.292l1.505 1.317c-1.466 1.674-3.62 2.732-6.020 2.732-4.418 0-8-3.582-8-8s3.582-8 8-8c2.209 0 4.209 0.896 5.656 2.344l2.343-2.344v6z\"><\/path>\n\t\t\t\t<\/svg><\/span><span class=\"base-svg-iconset svg-baseline\"><svg class=\"base-svg-icon base-check-svg\" fill=\"currentColor\" version=\"1.1\" xmlns=\"http:\/\/www.w3.org\/2000\/svg\" width=\"16\" height=\"16\" viewBox=\"0 0 16 16\"><title>Done<\/title><path d=\"M14 2.5l-8.5 8.5-3.5-3.5-1.5 1.5 5 5 10-10z\"><\/path>\n\t\t\t\t<\/svg><\/span><\/a>\t<span id=\"woocommerce_loop_add_to_cart_link_describedby_2574\" class=\"screen-reader-text\">\n\t\t\t<\/span>\n<\/p><\/div><\/td><\/tr><tr class=\"woosw-item woosw-item-1573\" data-id=\"1573\"><td class=\"woosw-item--image\"><a  href=\"https:\/\/ml-luxury.com\/index.php\/product\/armani-stronger-with-you-absolutely-testeur\/\" ><img loading=\"lazy\" decoding=\"async\" width=\"327\" height=\"327\" src=\"https:\/\/ml-luxury.com\/wp-content\/uploads\/2025\/12\/1741583822_1000251527-327x327.jpg\" class=\"attachment-woocommerce_thumbnail size-woocommerce_thumbnail\" alt=\"ARMANI STRONGER WITH YOU ABSOLUTELY TESTEUR\" \/><\/a><\/td><td class=\"woosw-item--info\"><div class=\"woosw-item--name\"><a  href=\"https:\/\/ml-luxury.com\/index.php\/product\/armani-stronger-with-you-absolutely-testeur\/\" >ARMANI STRONGER WITH YOU ABSOLUTELY TESTEUR<\/a><\/div><div class=\"woosw-item--price\"><span class=\"price\"><span class=\"woocommerce-Price-amount amount\"><span class=\"woocommerce-Price-currencySymbol\">&#x62f;.&#x62c;<\/span>&nbsp;4.500<\/span><\/span><\/div><div class=\"woosw-item--time\">31.12.2025<\/div><\/td><td class=\"woosw-item--actions\"><div class=\"woosw-item--stock\">\n<div class=\"stock in-stock entry-product-stock\">\n\t1 en stock\n\t<\/div>\n<\/div><div class=\"woosw-item--atc\"><p class=\"product woocommerce add_to_cart_inline \" style=\"\"><a href=\"\/index.php\/wp-json\/wp\/v2\/pages\/11?add-to-cart=1573\" data-quantity=\"1\" class=\"button product_type_simple add_to_cart_button ajax_add_to_cart default\" data-product_id=\"1573\" data-product_sku=\"36142733363833\" aria-label=\"Ajouter au panier\u00a0: &ldquo;ARMANI STRONGER WITH YOU ABSOLUTELY TESTEUR&rdquo;\" rel=\"nofollow\" data-success_message=\"\u00ab\u00a0ARMANI STRONGER WITH YOU ABSOLUTELY TESTEUR\u00a0\u00bb a \u00e9t\u00e9 ajout\u00e9 \u00e0 votre panier\" role=\"button\"><span class=\"add-to-cart-icon\"><svg xmlns=\"http:\/\/www.w3.org\/2000\/svg\" xmlns:xlink=\"http:\/\/www.w3.org\/1999\/xlink\" width=\"22px\" height=\"22px\" viewBox=\"0 0 22 22\" fill=\"currentColor\" version=\"1.1\"><path d=\"M19.45 15.24a.86.86 0 00.848-.719l1.69-10.14a.86.86 0 00-.848-1H4.91L4.229.65A.86.86 0 003.395 0H.858a.86.86 0 100 1.719h1.865l.673 2.696L5.07 14.45v2.6a2.553 2.553 0 00-1.69 2.4A2.552 2.552 0 005.93 22c1.744 0 2.981-1.726 2.41-3.38h7.01c-.572 1.655.667 3.38 2.41 3.38a2.552 2.552 0 002.55-2.55 2.552 2.552 0 00-2.55-2.55H6.79v-1.66zm.676-10.141l-1.404 8.422H6.658L5.254 5.099zM6.76 19.45a.832.832 0 01-1.661 0 .832.832 0 011.661 0m11 .831a.832.832 0 010-1.661.832.832 0 010 1.661\"><\/path><\/svg><\/span><span class=\"cart-text\">Ajouter au panier<\/span><span class=\"base-svg-iconset svg-baseline\"><svg aria-hidden=\"true\" class=\"base-svg-icon base-arrow-right-alt-svg\" fill=\"currentColor\" version=\"1.1\" xmlns=\"http:\/\/www.w3.org\/2000\/svg\" width=\"27\" height=\"28\" viewBox=\"0 0 27 28\"><title>r<\/title><path d=\"M27 13.953c0 0.141-0.063 0.281-0.156 0.375l-6 5.531c-0.156 0.141-0.359 0.172-0.547 0.094-0.172-0.078-0.297-0.25-0.297-0.453v-3.5h-19.5c-0.281 0-0.5-0.219-0.5-0.5v-3c0-0.281 0.219-0.5 0.5-0.5h19.5v-3.5c0-0.203 0.109-0.375 0.297-0.453s0.391-0.047 0.547 0.078l6 5.469c0.094 0.094 0.156 0.219 0.156 0.359v0z\"><\/path>\n\t\t\t\t<\/svg><\/span><span class=\"base-svg-iconset svg-baseline\"><svg class=\"base-svg-icon base-spinner-svg\" fill=\"currentColor\" version=\"1.1\" xmlns=\"http:\/\/www.w3.org\/2000\/svg\" width=\"16\" height=\"16\" viewBox=\"0 0 16 16\"><title>Loading<\/title><path d=\"M16 6h-6l2.243-2.243c-1.133-1.133-2.64-1.757-4.243-1.757s-3.109 0.624-4.243 1.757c-1.133 1.133-1.757 2.64-1.757 4.243s0.624 3.109 1.757 4.243c1.133 1.133 2.64 1.757 4.243 1.757s3.109-0.624 4.243-1.757c0.095-0.095 0.185-0.192 0.273-0.292l1.505 1.317c-1.466 1.674-3.62 2.732-6.020 2.732-4.418 0-8-3.582-8-8s3.582-8 8-8c2.209 0 4.209 0.896 5.656 2.344l2.343-2.344v6z\"><\/path>\n\t\t\t\t<\/svg><\/span><span class=\"base-svg-iconset svg-baseline\"><svg class=\"base-svg-icon base-check-svg\" fill=\"currentColor\" version=\"1.1\" xmlns=\"http:\/\/www.w3.org\/2000\/svg\" width=\"16\" height=\"16\" viewBox=\"0 0 16 16\"><title>Done<\/title><path d=\"M14 2.5l-8.5 8.5-3.5-3.5-1.5 1.5 5 5 10-10z\"><\/path>\n\t\t\t\t<\/svg><\/span><\/a>\t<span id=\"woocommerce_loop_add_to_cart_link_describedby_1573\" class=\"screen-reader-text\">\n\t\t\t<\/span>\n<\/p><\/div><\/td><\/tr><\/table><div class=\"woosw-actions\"><div class=\"woosw-copy\"><span class=\"woosw-copy-label\">Wishlist link:<\/span><span class=\"woosw-copy-url\"><input id=\"woosw_copy_url\" type=\"url\" value=\"https:\/\/ml-luxury.com\/index.php\/wishlist\/WOOSW\" readonly\/><\/span><span class=\"woosw-copy-btn\"><button id=\"woosw_copy_btn\" type=\"button\" class=\"button\">Copy<\/button><\/span><\/div><!-- \/woosw-copy --><\/div><!-- \/woosw-actions --><\/div><!-- \/woosw-list -->\n","protected":false},"excerpt":{"rendered":"","protected":false},"author":1,"featured_media":0,"parent":0,"menu_order":0,"comment_status":"closed","ping_status":"closed","template":"","meta":{"_bst_post_transparent":"","_bst_post_title":"","_bst_post_layout":"","_bst_post_sidebar_id":"","_bst_post_content_style":"","_bst_post_vertical_padding":"","_bst_post_feature":"","_bst_post_feature_position":"","_bst_post_header":false,"_bst_post_footer":false,"footnotes":""},"class_list":["post-11","page","type-page","status-publish","hentry"],"_links":{"self":[{"href":"https:\/\/ml-luxury.com\/index.php\/wp-json\/wp\/v2\/pages\/11","targetHints":{"allow":["GET"]}}],"collection":[{"href":"https:\/\/ml-luxury.com\/index.php\/wp-json\/wp\/v2\/pages"}],"about":[{"href":"https:\/\/ml-luxury.com\/index.php\/wp-json\/wp\/v2\/types\/page"}],"author":[{"embeddable":true,"href":"https:\/\/ml-luxury.com\/index.php\/wp-json\/wp\/v2\/users\/1"}],"replies":[{"embeddable":true,"href":"https:\/\/ml-luxury.com\/index.php\/wp-json\/wp\/v2\/comments?post=11"}],"version-history":[{"count":2,"href":"https:\/\/ml-luxury.com\/index.php\/wp-json\/wp\/v2\/pages\/11\/revisions"}],"predecessor-version":[{"id":3230,"href":"https:\/\/ml-luxury.com\/index.php\/wp-json\/wp\/v2\/pages\/11\/revisions\/3230"}],"wp:attachment":[{"href":"https:\/\/ml-luxury.com\/index.php\/wp-json\/wp\/v2\/media?parent=11"}],"curies":[{"name":"wp","href":"https:\/\/api.w.org\/{rel}","templated":true}]}}